{"id":10,"date":"2019-12-29T17:54:30","date_gmt":"2019-12-29T17:54:30","guid":{"rendered":"https:\/\/daitoryu.fi\/wp2\/?page_id=10"},"modified":"2025-11-23T20:14:53","modified_gmt":"2025-11-23T20:14:53","slug":"about","status":"publish","type":"page","link":"https:\/\/daitoryu.fi\/?page_id=10","title":{"rendered":"Harjoittelu"},"content":{"rendered":"\n<p>Japanilainen Daitoryu aikijujutsu on aseetonta itsepuolustusta yht\u00e4 tai useampaa aseellista tai aseetonta vastustajaa vastaan.  Harjoittelussa korostuu kehonk\u00e4yt\u00f6n ja liikkumisen hallinta.  Oppi siirtyy suoraan opettajalta oppilaalle. Laji sopii kaikille Japanilaisen budon opiskelusta kiinnostuneille.<\/p>\n\n\n\n<p>Fudoshin ry on perustettu vuonna 1995. Fudoshin salilla harjoitellaan Daitoryu aikijujutsua Takumakain tapaan. Fudoshinin vahvuudet ovat korkeatasoinen opetus sek\u00e4 pitk\u00e4aikaiset ja l\u00e4heiset suhteet lajin alkuper\u00e4maahan Japaniin. Japanilaisia opettajia vierailee salillamme pit\u00e4m\u00e4ss\u00e4 seminaareja s\u00e4\u00e4nn\u00f6llisesti. <\/p>\n\n\n\n<p>Harjoituksen tuntirakenne <br>1. Lajinomainen alkul\u00e4mp\u00f6: ukemit, potkut, ly\u00f6nnit jne. Tavoitteenna l\u00e4mmitell\u00e4 ja avata kehoa \u00a0<br>2. Aiki -viritt\u00e4ytyiminen. Tavoitteena keskitty\u00e4.<br>3. Jujutsuharjoittelu ja vy\u00f6koetekniikat. Tavoitteena tekniikoiden oppiminen. \u00a0<br><\/p>\n\n\n\n<p><\/p>\n\n\n\n<p><\/p>\n\n\n\n<p><\/p>\n","protected":false},"excerpt":{"rendered":"<p>Japanilainen Daitoryu aikijujutsu on aseetonta itsepuolustusta yht\u00e4 tai useampaa aseellista tai aseetonta vastustajaa vastaan. Harjoittelussa korostuu kehonk\u00e4yt\u00f6n ja liikkumisen hallinta. Oppi siirtyy suoraan opettajalta oppilaalle. Laji sopii kaikille Japanilaisen budon opiskelusta kiinnostuneille. Fudoshin ry on perustettu vuonna 1995. Fudoshin salilla harjoitellaan Daitoryu aikijujutsua Takumakain tapaan. Fudoshinin vahvuudet ovat korkeatasoinen opetus sek\u00e4 pitk\u00e4aikaiset ja l\u00e4heiset suhteet &hellip; <\/p>\n<p class=\"link-more\"><a href=\"https:\/\/daitoryu.fi\/?page_id=10\" class=\"more-link\">Continue reading<span class=\"screen-reader-text\"> &#8220;Harjoittelu&#8221;<\/span><\/a><\/p>\n","protected":false},"author":1,"featured_media":30,"parent":0,"menu_order":0,"comment_status":"closed","ping_status":"closed","template":"","meta":{"footnotes":""},"class_list":["post-10","page","type-page","status-publish","has-post-thumbnail","hentry"],"_links":{"self":[{"href":"https:\/\/daitoryu.fi\/index.php?rest_route=\/wp\/v2\/pages\/10","targetHints":{"allow":["GET"]}}],"collection":[{"href":"https:\/\/daitoryu.fi\/index.php?rest_route=\/wp\/v2\/pages"}],"about":[{"href":"https:\/\/daitoryu.fi\/index.php?rest_route=\/wp\/v2\/types\/page"}],"author":[{"embeddable":true,"href":"https:\/\/daitoryu.fi\/index.php?rest_route=\/wp\/v2\/users\/1"}],"replies":[{"embeddable":true,"href":"https:\/\/daitoryu.fi\/index.php?rest_route=%2Fwp%2Fv2%2Fcomments&post=10"}],"version-history":[{"count":13,"href":"https:\/\/daitoryu.fi\/index.php?rest_route=\/wp\/v2\/pages\/10\/revisions"}],"predecessor-version":[{"id":281,"href":"https:\/\/daitoryu.fi\/index.php?rest_route=\/wp\/v2\/pages\/10\/revisions\/281"}],"wp:featuredmedia":[{"embeddable":true,"href":"https:\/\/daitoryu.fi\/index.php?rest_route=\/wp\/v2\/media\/30"}],"wp:attachment":[{"href":"https:\/\/daitoryu.fi\/index.php?rest_route=%2Fwp%2Fv2%2Fmedia&parent=10"}],"curies":[{"name":"wp","href":"https:\/\/api.w.org\/{rel}","templated":true}]}}