{"id":11,"date":"2019-12-29T17:54:30","date_gmt":"2019-12-29T17:54:30","guid":{"rendered":"https:\/\/daitoryu.fi\/wp2\/?page_id=11"},"modified":"2022-06-07T06:51:52","modified_gmt":"2022-06-07T06:51:52","slug":"contact","status":"publish","type":"page","link":"https:\/\/daitoryu.fi\/?page_id=11","title":{"rendered":"Yhteystiedot"},"content":{"rendered":"\n<p>Lis\u00e4tietoja voi kysell\u00e4 s\u00e4hk\u00f6postilla Fudoshin dojolta:<br><strong>info [at] daitoryu.fi<br><\/strong>Fudoshin<br>Winqvistinkatu 1<br>00240 Helsinki<\/p>\n\n\n\n<p>Kulkuohjeet: Fudoshin-dojo sijaitsee n. 10 minuutin k\u00e4velymatkan p\u00e4\u00e4ss\u00e4 Pasilan rautatieasemalta. P\u00e4\u00e4set harjoitussalille helposti omalla autolla (vieress\u00e4 ilmaista parkkitilaa), bussilla (S\u00f6rn\u00e4isist\u00e4 busseilla 50, 59, 500 tai 510), tai raitiovaunulla (2 tai 7).<\/p>\n\n\n\n<p><a href=\"https:\/\/www.google.com\/maps\/d\/u\/0\/viewer?msa=0&amp;ie=UTF8&amp;t=m&amp;ll=60.198785%2C24.92370799999999&amp;spn=0.001866%2C0.00456&amp;z=17&amp;source=embed&amp;mid=1VF6Rv_EPN7oS7OBu_gM_ToykyZg\">Winqvistgatan 1 &#8211; Google My Maps<\/a><\/p>\n","protected":false},"excerpt":{"rendered":"<p>Lis\u00e4tietoja voi kysell\u00e4 s\u00e4hk\u00f6postilla Fudoshin dojolta:info [at] daitoryu.fiFudoshinWinqvistinkatu 100240 Helsinki Kulkuohjeet: Fudoshin-dojo sijaitsee n. 10 minuutin k\u00e4velymatkan p\u00e4\u00e4ss\u00e4 Pasilan rautatieasemalta. P\u00e4\u00e4set harjoitussalille helposti omalla autolla (vieress\u00e4 ilmaista parkkitilaa), bussilla (S\u00f6rn\u00e4isist\u00e4 busseilla 50, 59, 500 tai 510), tai raitiovaunulla (2 tai 7). Winqvistgatan 1 &#8211; Google My Maps<\/p>\n","protected":false},"author":1,"featured_media":0,"parent":0,"menu_order":0,"comment_status":"closed","ping_status":"closed","template":"","meta":{"footnotes":""},"class_list":["post-11","page","type-page","status-publish","hentry"],"_links":{"self":[{"href":"https:\/\/daitoryu.fi\/index.php?rest_route=\/wp\/v2\/pages\/11","targetHints":{"allow":["GET"]}}],"collection":[{"href":"https:\/\/daitoryu.fi\/index.php?rest_route=\/wp\/v2\/pages"}],"about":[{"href":"https:\/\/daitoryu.fi\/index.php?rest_route=\/wp\/v2\/types\/page"}],"author":[{"embeddable":true,"href":"https:\/\/daitoryu.fi\/index.php?rest_route=\/wp\/v2\/users\/1"}],"replies":[{"embeddable":true,"href":"https:\/\/daitoryu.fi\/index.php?rest_route=%2Fwp%2Fv2%2Fcomments&post=11"}],"version-history":[{"count":4,"href":"https:\/\/daitoryu.fi\/index.php?rest_route=\/wp\/v2\/pages\/11\/revisions"}],"predecessor-version":[{"id":154,"href":"https:\/\/daitoryu.fi\/index.php?rest_route=\/wp\/v2\/pages\/11\/revisions\/154"}],"wp:attachment":[{"href":"https:\/\/daitoryu.fi\/index.php?rest_route=%2Fwp%2Fv2%2Fmedia&parent=11"}],"curies":[{"name":"wp","href":"https:\/\/api.w.org\/{rel}","templated":true}]}}