{"id":126,"date":"2022-05-24T10:41:00","date_gmt":"2022-05-24T10:41:00","guid":{"rendered":"https:\/\/daitoryu.fi\/wp2\/?page_id=126"},"modified":"2024-12-02T18:50:15","modified_gmt":"2024-12-02T18:50:15","slug":"126-2","status":"publish","type":"page","link":"https:\/\/daitoryu.fi\/?page_id=126","title":{"rendered":"Vuokrataan"},"content":{"rendered":"\n<h1 class=\"wp-block-heading\">VALOISAA TATAMITILAA VAPAANA TRIPLAN VIEREST\u00c4<\/h1>\n\n\n\n<p><a href=\"https:\/\/www.youtube.com\/channel\/UCsOGw8yVti_MmAdoBknXLYA\/featured?fbclid=IwAR1j6Oh5tUz_W2VKZ1u6fm_NpoDoKvLzVHT983_vAKRG7DmIaEECu5SPnDk\">(346) Budosali Liikuntatila Helsingiss\u00e4 &#8211; YouTube<\/a><\/p>\n\n\n\n<h2 class=\"wp-block-heading\">Fudoshin-dojolta on mahdollista\u00a0varata\u00a0s\u00e4\u00e4nn\u00f6llisi\u00e4 tai yksitt\u00e4isi\u00e4\u00a0harjoitteluaikoja. <\/h2>\n\n\n\n<p><strong>Tilassamme<\/strong>:<\/p>\n\n\n\n<ul class=\"wp-block-list\">\n<li>noin 100 neli\u00f6t\u00e4 tatamitilaa (51 tatamia)\u00a0, korkeus suurimmalta osin 2,65, ikkunan vieress\u00e4 3 m<\/li>\n\n\n\n<li>keitti\u00f6<\/li>\n\n\n\n<li>miesten pukuhuone ja pienempi naisten pukuhuone<\/li>\n\n\n\n<li>wc sek\u00e4 suihkuhuone, jossa wc\u00a0<\/li>\n<\/ul>\n\n\n\n<p><strong>Hinnat:<\/strong><\/p>\n\n\n\n<p>Hinnat 20\u20ac-30\u20ac\/tunti sopimuksen mukaan.<\/p>\n\n\n\n<p><strong>Yhteystiedot<\/strong>:<\/p>\n\n\n\n<ul class=\"wp-block-list\">\n<li>info[at]daitoryu.fi  <\/li>\n\n\n\n<li>Winqvistinkatu 1, 00240 Helsinki<\/li>\n<\/ul>\n\n\n\n<p><strong>Kulkuohjeet:<\/strong>&nbsp;Fudoshin-dojo sijaitsee vain 5 minuutin k\u00e4velymatkan p\u00e4\u00e4ss\u00e4 Triplasta, Helsingin uudesta vilkkaasta syd\u00e4mest\u00e4. P\u00e4\u00e4set harjoitussalille helposti omalla autolla (vieress\u00e4 ilmaista parkkitilaa rajoitetusti), bussilla (S\u00f6rn\u00e4isist\u00e4 busseilla 50, 59, 500 tai 510) tai raitiovaunulla (2 tai 7).<\/p>\n\n\n\n<figure class=\"wp-block-image\"><img decoding=\"async\" src=\"https:\/\/lh4.googleusercontent.com\/H6jjbdZCQj-efX3J06aDcg6JJs1zitfNnZkSn5ryPjKYVAgQOMFZA9NoqCBJWug4wNQ6bOjzGAnNiB_INL5l4Nk1iCWEzBEcBFpR73mcI9M4tarrFRQict5x-zEv7NQxX0-Y2CZ5_P2tqV-Grw\" alt=\"\"\/><\/figure>\n","protected":false},"excerpt":{"rendered":"<p>VALOISAA TATAMITILAA VAPAANA TRIPLAN VIEREST\u00c4 (346) Budosali Liikuntatila Helsingiss\u00e4 &#8211; YouTube Fudoshin-dojolta on mahdollista\u00a0varata\u00a0s\u00e4\u00e4nn\u00f6llisi\u00e4 tai yksitt\u00e4isi\u00e4\u00a0harjoitteluaikoja. Tilassamme: Hinnat: Hinnat 20\u20ac-30\u20ac\/tunti sopimuksen mukaan. Yhteystiedot: Kulkuohjeet:&nbsp;Fudoshin-dojo sijaitsee vain 5 minuutin k\u00e4velymatkan p\u00e4\u00e4ss\u00e4 Triplasta, Helsingin uudesta vilkkaasta syd\u00e4mest\u00e4. P\u00e4\u00e4set harjoitussalille helposti omalla autolla (vieress\u00e4 ilmaista parkkitilaa rajoitetusti), bussilla (S\u00f6rn\u00e4isist\u00e4 busseilla 50, 59, 500 tai 510) tai raitiovaunulla (2 &hellip; <\/p>\n<p class=\"link-more\"><a href=\"https:\/\/daitoryu.fi\/?page_id=126\" class=\"more-link\">Continue reading<span class=\"screen-reader-text\"> &#8220;Vuokrataan&#8221;<\/span><\/a><\/p>\n","protected":false},"author":1,"featured_media":0,"parent":0,"menu_order":0,"comment_status":"closed","ping_status":"closed","template":"","meta":{"footnotes":""},"class_list":["post-126","page","type-page","status-publish","hentry"],"_links":{"self":[{"href":"https:\/\/daitoryu.fi\/index.php?rest_route=\/wp\/v2\/pages\/126","targetHints":{"allow":["GET"]}}],"collection":[{"href":"https:\/\/daitoryu.fi\/index.php?rest_route=\/wp\/v2\/pages"}],"about":[{"href":"https:\/\/daitoryu.fi\/index.php?rest_route=\/wp\/v2\/types\/page"}],"author":[{"embeddable":true,"href":"https:\/\/daitoryu.fi\/index.php?rest_route=\/wp\/v2\/users\/1"}],"replies":[{"embeddable":true,"href":"https:\/\/daitoryu.fi\/index.php?rest_route=%2Fwp%2Fv2%2Fcomments&post=126"}],"version-history":[{"count":7,"href":"https:\/\/daitoryu.fi\/index.php?rest_route=\/wp\/v2\/pages\/126\/revisions"}],"predecessor-version":[{"id":271,"href":"https:\/\/daitoryu.fi\/index.php?rest_route=\/wp\/v2\/pages\/126\/revisions\/271"}],"wp:attachment":[{"href":"https:\/\/daitoryu.fi\/index.php?rest_route=%2Fwp%2Fv2%2Fmedia&parent=126"}],"curies":[{"name":"wp","href":"https:\/\/api.w.org\/{rel}","templated":true}]}}