{"id":54,"date":"2019-12-30T14:20:23","date_gmt":"2019-12-30T14:20:23","guid":{"rendered":"https:\/\/daitoryu.fi\/wp2\/?page_id=54"},"modified":"2025-11-23T20:17:13","modified_gmt":"2025-11-23T20:17:13","slug":"harjoitusajat-ja-hinnat","status":"publish","type":"page","link":"https:\/\/daitoryu.fi\/?page_id=54","title":{"rendered":"Harjoitusajat ja hinnat"},"content":{"rendered":"\n<p>Harjoitusajat<br>ma 17.30 \u2013 19.00 (perustekniikat)<br>ke 18.30 \u2013 20.00 (soden)<br>la 10.00-11.45 (perustekniikat)<\/p>\n\n\n\n<p>Nimenhuudossa sovitaan erikseen viikoittain treenej\u00e4<\/p>\n\n\n\n<p>Juniorit: la 10.00 &#8211; 11.45<br><\/p>\n\n\n\n<p><\/p>\n\n\n\n<p>Hinnat <br><\/p>\n\n\n\n<p>1kk 50\u20ac<br>3kk 125\u20ac<br>6kk 250\u20ac<br>10*kortti 80\u20ac<br>Aloituspaketti uusille treenaajille 100\u20ac<\/p>\n\n\n\n<p><br>Yhdistyksen vuosij\u00e4senyys 30\u20ac<\/p>\n\n\n\n<p>Tilinumero <br>FI93 8000 1370 2975 26<br><br>Viitteet<br>Harjoittelumaksu 8167<br>Vuosij\u00e4senyys 3337<br>Junioritreenit 3353<br>Leirit 3544<br>Aloituspaketti  3340 <br><\/p>\n\n\n\n<p>Maksutavat<br>Visa Credit ja Debit, Master Card, American Express, JCB ja Edenredin Ticket Mind &amp; Body, Smartumin Liikuntaseteleill\u00e4 ja Luottokunnan Virkeseteleill\u00e4 sek\u00e4 Epassi.<\/p>\n","protected":false},"excerpt":{"rendered":"<p>Harjoitusajatma 17.30 \u2013 19.00 (perustekniikat)ke 18.30 \u2013 20.00 (soden)la 10.00-11.45 (perustekniikat) Nimenhuudossa sovitaan erikseen viikoittain treenej\u00e4 Juniorit: la 10.00 &#8211; 11.45 Hinnat 1kk 50\u20ac3kk 125\u20ac6kk 250\u20ac10*kortti 80\u20acAloituspaketti uusille treenaajille 100\u20ac Yhdistyksen vuosij\u00e4senyys 30\u20ac Tilinumero FI93 8000 1370 2975 26 ViitteetHarjoittelumaksu 8167Vuosij\u00e4senyys 3337Junioritreenit 3353Leirit 3544Aloituspaketti 3340 MaksutavatVisa Credit ja Debit, Master Card, American Express, JCB ja &hellip; <\/p>\n<p class=\"link-more\"><a href=\"https:\/\/daitoryu.fi\/?page_id=54\" class=\"more-link\">Continue reading<span class=\"screen-reader-text\"> &#8220;Harjoitusajat ja hinnat&#8221;<\/span><\/a><\/p>\n","protected":false},"author":1,"featured_media":0,"parent":0,"menu_order":0,"comment_status":"closed","ping_status":"closed","template":"","meta":{"footnotes":""},"class_list":["post-54","page","type-page","status-publish","hentry"],"_links":{"self":[{"href":"https:\/\/daitoryu.fi\/index.php?rest_route=\/wp\/v2\/pages\/54","targetHints":{"allow":["GET"]}}],"collection":[{"href":"https:\/\/daitoryu.fi\/index.php?rest_route=\/wp\/v2\/pages"}],"about":[{"href":"https:\/\/daitoryu.fi\/index.php?rest_route=\/wp\/v2\/types\/page"}],"author":[{"embeddable":true,"href":"https:\/\/daitoryu.fi\/index.php?rest_route=\/wp\/v2\/users\/1"}],"replies":[{"embeddable":true,"href":"https:\/\/daitoryu.fi\/index.php?rest_route=%2Fwp%2Fv2%2Fcomments&post=54"}],"version-history":[{"count":26,"href":"https:\/\/daitoryu.fi\/index.php?rest_route=\/wp\/v2\/pages\/54\/revisions"}],"predecessor-version":[{"id":289,"href":"https:\/\/daitoryu.fi\/index.php?rest_route=\/wp\/v2\/pages\/54\/revisions\/289"}],"wp:attachment":[{"href":"https:\/\/daitoryu.fi\/index.php?rest_route=%2Fwp%2Fv2%2Fmedia&parent=54"}],"curies":[{"name":"wp","href":"https:\/\/api.w.org\/{rel}","templated":true}]}}