{"id":9,"date":"2019-12-29T17:54:30","date_gmt":"2019-12-29T17:54:30","guid":{"rendered":"https:\/\/daitoryu.fi\/wp2\/?page_id=9"},"modified":"2021-02-12T15:39:35","modified_gmt":"2021-02-12T15:39:35","slug":"home","status":"publish","type":"page","link":"https:\/\/daitoryu.fi\/","title":{"rendered":"Daitoryu aikijujutsu"},"content":{"rendered":"\n<p>Daitoryu aikijujutsu on yksi vanhimmista yh\u00e4 opetettavista jujutsu-tyylisuunnista koko maailmassa. Pitk\u00e4st\u00e4 perinteest\u00e4\u00e4n ammentavaa lajia kehitet\u00e4\u00e4n jatkuvasti vastaamaan modernin ihmisen tarpeita.<\/p>\n\n\n<div id=\"metaslider-id-104\" style=\"width: 100%;\" class=\"ml-slider-3-108-0 metaslider metaslider-flex metaslider-104 ml-slider has-dots-nav ms-theme-default\" role=\"region\" aria-label=\"Slideshow1\" data-height=\"300\" data-width=\"700\">\n    <div id=\"metaslider_container_104\">\n        <div id=\"metaslider_104\">\n            <ul class='slides'>\n                <li style=\"display: block; width: 100%;\" class=\"slide-106 ms-image \" aria-roledescription=\"slide\" data-date=\"2021-02-12 15:35:38\" data-filename=\"16388240_10154579701023743_1978819182530938_n-700x300.jpg\" data-slide-type=\"image\"><img loading=\"lazy\" decoding=\"async\" src=\"https:\/\/daitoryu.fi\/wp2\/wp-content\/uploads\/2021\/02\/16388240_10154579701023743_1978819182530938_n-700x300.jpg\" height=\"300\" width=\"700\" alt=\"\" class=\"slider-104 slide-106 msDefaultImage\" title=\"16388240_10154579701023743_1978819182530938_n\" \/><\/li>\n                <li style=\"display: none; width: 100%;\" class=\"slide-107 ms-image \" aria-roledescription=\"slide\" data-date=\"2021-02-12 15:36:29\" data-filename=\"20150806_112629_mv-700x300.jpg\" data-slide-type=\"image\"><img loading=\"lazy\" decoding=\"async\" src=\"https:\/\/daitoryu.fi\/wp2\/wp-content\/uploads\/2021\/02\/20150806_112629_mv-700x300.jpg\" height=\"300\" width=\"700\" alt=\"\" class=\"slider-104 slide-107 msDefaultImage\" title=\"20150806_112629_mv\" \/><\/li>\n                <li style=\"display: none; width: 100%;\" class=\"slide-108 ms-image \" aria-roledescription=\"slide\" data-date=\"2021-02-12 15:36:29\" data-filename=\"20150806_114032_mv-scaled-700x300.jpg\" data-slide-type=\"image\"><img loading=\"lazy\" decoding=\"async\" src=\"https:\/\/daitoryu.fi\/wp2\/wp-content\/uploads\/2021\/02\/20150806_114032_mv-scaled-700x300.jpg\" height=\"300\" width=\"700\" alt=\"\" class=\"slider-104 slide-108 msDefaultImage\" title=\"20150806_114032_mv\" \/><\/li>\n                <li style=\"display: none; width: 100%;\" class=\"slide-109 ms-image \" aria-roledescription=\"slide\" data-date=\"2021-02-12 15:36:29\" data-filename=\"20150806_112522_mv-700x300.jpg\" data-slide-type=\"image\"><img loading=\"lazy\" decoding=\"async\" src=\"https:\/\/daitoryu.fi\/wp2\/wp-content\/uploads\/2021\/02\/20150806_112522_mv-700x300.jpg\" height=\"300\" width=\"700\" alt=\"\" class=\"slider-104 slide-109 msDefaultImage\" title=\"20150806_112522_mv\" \/><\/li>\n                <li style=\"display: none; width: 100%;\" class=\"slide-110 ms-image \" aria-roledescription=\"slide\" data-date=\"2021-02-12 15:36:29\" data-filename=\"20150806_115102_mv-scaled-700x300.jpg\" data-slide-type=\"image\"><img loading=\"lazy\" decoding=\"async\" src=\"https:\/\/daitoryu.fi\/wp2\/wp-content\/uploads\/2021\/02\/20150806_115102_mv-scaled-700x300.jpg\" height=\"300\" width=\"700\" alt=\"\" class=\"slider-104 slide-110 msDefaultImage\" title=\"20150806_115102_mv\" \/><\/li>\n            <\/ul>\n        <\/div>\n        \n    <\/div>\n<\/div>\n\n\n\n<p><\/p>\n","protected":false},"excerpt":{"rendered":"<p>Daitoryu aikijujutsu on yksi vanhimmista yh\u00e4 opetettavista jujutsu-tyylisuunnista koko maailmassa. Pitk\u00e4st\u00e4 perinteest\u00e4\u00e4n ammentavaa lajia kehitet\u00e4\u00e4n jatkuvasti vastaamaan modernin ihmisen tarpeita.<\/p>\n","protected":false},"author":1,"featured_media":0,"parent":0,"menu_order":0,"comment_status":"closed","ping_status":"closed","template":"","meta":{"footnotes":""},"class_list":["post-9","page","type-page","status-publish","hentry"],"_links":{"self":[{"href":"https:\/\/daitoryu.fi\/index.php?rest_route=\/wp\/v2\/pages\/9","targetHints":{"allow":["GET"]}}],"collection":[{"href":"https:\/\/daitoryu.fi\/index.php?rest_route=\/wp\/v2\/pages"}],"about":[{"href":"https:\/\/daitoryu.fi\/index.php?rest_route=\/wp\/v2\/types\/page"}],"author":[{"embeddable":true,"href":"https:\/\/daitoryu.fi\/index.php?rest_route=\/wp\/v2\/users\/1"}],"replies":[{"embeddable":true,"href":"https:\/\/daitoryu.fi\/index.php?rest_route=%2Fwp%2Fv2%2Fcomments&post=9"}],"version-history":[{"count":13,"href":"https:\/\/daitoryu.fi\/index.php?rest_route=\/wp\/v2\/pages\/9\/revisions"}],"predecessor-version":[{"id":180,"href":"https:\/\/daitoryu.fi\/index.php?rest_route=\/wp\/v2\/pages\/9\/revisions\/180"}],"wp:attachment":[{"href":"https:\/\/daitoryu.fi\/index.php?rest_route=%2Fwp%2Fv2%2Fmedia&parent=9"}],"curies":[{"name":"wp","href":"https:\/\/api.w.org\/{rel}","templated":true}]}}